{"id":546,"date":"2026-01-23T11:20:11","date_gmt":"2026-01-23T10:20:11","guid":{"rendered":"https:\/\/www.mshdigital.de\/?page_id=546"},"modified":"2026-01-23T12:43:39","modified_gmt":"2026-01-23T11:43:39","slug":"orientierung-entscheidet","status":"publish","type":"page","link":"https:\/\/www.mshdigital.de\/index.php\/orientierung-entscheidet\/","title":{"rendered":"Orientierung entscheidet"},"content":{"rendered":"[spb_slider revslider_shortcode=&#8220;slider-orientierung&#8220; width=&#8220;1\/1&#8243; el_position=&#8220;first last&#8220;] [fullwidth_text alt_background=&#8220;none&#8220; width=&#8220;1\/1&#8243; el_position=&#8220;first last&#8220;]\n<h1><span style=\"color: #008080;\">Warum Entscheidungen heute ausbleiben<\/span><\/h1>\n<p><img loading=\"lazy\" class=\"alignleft wp-image-548 size-thumbnail\" src=\"https:\/\/www.mshdigital.de\/wp-content\/uploads\/2026\/01\/orientierung_kopf-150x150.jpg\" alt=\"Keine Orientierung\" width=\"150\" height=\"150\" srcset=\"https:\/\/www.mshdigital.de\/wp-content\/uploads\/2026\/01\/orientierung_kopf-150x150.jpg 150w, https:\/\/www.mshdigital.de\/wp-content\/uploads\/2026\/01\/orientierung_kopf.jpg 250w\" sizes=\"(max-width: 150px) 100vw, 150px\" \/><\/p>\n<p>Entscheidungen scheitern heute selten an fehlender Kompetenz. Sie scheitern an Unsicherheit.<\/p>\n<p>Diese Unsicherheit entsteht nicht durch Zahlen oder durch mangelnde Information.<\/p>\n<p>Sie entsteht, wenn Orientierung fehlt. Wenn nicht klar ist, was gilt, woran man sich halten kann und wohin man unterwegs ist.<\/p>\n[\/fullwidth_text] [spb_row wrap_type=&#8220;content-width&#8220; row_bg_type=&#8220;image&#8220; color_row_height=&#8220;content-height&#8220; bg_type=&#8220;cover&#8220; parallax_image_height=&#8220;content-height&#8220; parallax_image_movement=&#8220;fixed&#8220; parallax_image_speed=&#8220;0.5&#8243; parallax_video_height=&#8220;window-height&#8220; parallax_video_overlay=&#8220;none&#8220; row_overlay_opacity=&#8220;0&#8243; row_padding_vertical=&#8220;0&#8243; row_padding_horizontal=&#8220;0&#8243; row_margin_vertical=&#8220;0&#8243; remove_element_spacing=&#8220;no&#8220; inner_column_height=&#8220;col-natural&#8220; width=&#8220;1\/1&#8243; el_position=&#8220;first last&#8220;] [spb_text_block pb_margin_bottom=&#8220;no&#8220; pb_border_bottom=&#8220;no&#8220; width=&#8220;1\/1&#8243; el_position=&#8220;first last&#8220;]\n<h2><span style=\"color: #008080;\">Wie Entscheidungssicherheit entsteht<\/span><\/h2>\n[\/spb_text_block] [spb_single_image image=&#8220;556&#8243; image_size=&#8220;full&#8220; frame=&#8220;noframe&#8220; intro_animation=&#8220;grow&#8220; full_width=&#8220;no&#8220; lightbox=&#8220;no&#8220; link_target=&#8220;_self&#8220; width=&#8220;1\/1&#8243; el_position=&#8220;first last&#8220;] [spb_text_block pb_margin_bottom=&#8220;no&#8220; pb_border_bottom=&#8220;no&#8220; width=&#8220;1\/1&#8243; el_position=&#8220;first last&#8220;]\n<h2 style=\"text-align: center;\">Echte Orientierung schafft Sicherheit.<\/h2>\n<h2 style=\"text-align: center;\">Sicherheit w\u00e4chst durch Wiederholung.<\/h2>\n<h2 style=\"text-align: center;\">Entscheidungssicherheit entsteht \u00fcber Zeit.<\/h2>\n[\/spb_text_block] [blank_spacer height=&#8220;40px&#8220; width=&#8220;1\/1&#8243; el_position=&#8220;first last&#8220;] [\/spb_row] [spb_row row_bg_type=&#8220;image&#8220; parallax_image_height=&#8220;content-height&#8220; parallax_image_movement=&#8220;fixed&#8220; parallax_image_speed=&#8220;0.5&#8243; parallax_video_height=&#8220;window-height&#8220; parallax_video_overlay=&#8220;none&#8220; row_overlay_opacity=&#8220;0&#8243; width=&#8220;1\/1&#8243; el_position=&#8220;first last&#8220;] [spb_text_block pb_margin_bottom=&#8220;no&#8220; pb_border_bottom=&#8220;no&#8220; width=&#8220;1\/1&#8243; el_position=&#8220;first last&#8220;]\n<h2><span style=\"color: #008080;\">SIX MONTHS OF CHANGE <\/span><\/h2>\n<h3><span style=\"color: #008080;\">Ein iterativer Proze\u00df f\u00fcr nachhaltigen Erfolg!<\/span><\/h3>\n[\/spb_text_block] [spb_text_block pb_margin_bottom=&#8220;no&#8220; pb_border_bottom=&#8220;no&#8220; width=&#8220;1\/1&#8243; el_position=&#8220;first last&#8220;]\n<p>Verhalten ver\u00e4ndert sich nicht punktuell. Orientierung entsteht nicht in einem Impuls.<\/p>\n<p><em>Six Months of Change<\/em> beschreibt den realistischen Zeitraum, in dem Orientierung vertraut wird, Sicherheit w\u00e4chst und Entscheidungen wieder tragf\u00e4hig werden.<\/p>\n<p style=\"text-align: center;\"><strong>Kein Programm. Kein Versprechen. Sondern eine realistische Wirklogik.<\/strong><\/p>\n[\/spb_text_block] [spb_single_image image=&#8220;564&#8243; image_size=&#8220;full&#8220; frame=&#8220;noframe&#8220; intro_animation=&#8220;none&#8220; full_width=&#8220;yes&#8220; lightbox=&#8220;no&#8220; link_target=&#8220;_self&#8220; width=&#8220;1\/1&#8243; el_position=&#8220;first last&#8220;] [spb_text_block pb_margin_bottom=&#8220;no&#8220; pb_border_bottom=&#8220;no&#8220; width=&#8220;1\/1&#8243; el_position=&#8220;first last&#8220;]\n<h3><span style=\"color: #008080;\">Orientierung ist dringend notwendig, wenn &#8230;<\/span><\/h3>\n[\/spb_text_block] [blank_spacer height=&#8220;30px&#8220; width=&#8220;1\/1&#8243; el_position=&#8220;first last&#8220;] [spb_text_block pb_margin_bottom=&#8220;no&#8220; pb_border_bottom=&#8220;no&#8220; width=&#8220;1\/4&#8243; el_position=&#8220;first&#8220;]\n<h4 style=\"text-align: center;\">&#8230; Entscheidungen getroffen erden m\u00fcssen,<\/h4>\n<p style=\"text-align: center;\">aber vertagt werden.<\/p>\n[\/spb_text_block] [spb_text_block pb_margin_bottom=&#8220;no&#8220; pb_border_bottom=&#8220;no&#8220; width=&#8220;1\/4&#8243;]\n<h4 style=\"text-align: center;\">&#8230; Strategien erkl\u00e4rt,<\/h4>\n<p style=\"text-align: center;\">aber nicht getragen werden.<\/p>\n[\/spb_text_block] [spb_text_block pb_margin_bottom=&#8220;no&#8220; pb_border_bottom=&#8220;no&#8220; width=&#8220;1\/4&#8243;]\n<h4 style=\"text-align: center;\">&#8230; Mitarbeitende korrekt handeln,<\/h4>\n<p style=\"text-align: center;\">aber unsicher wirken.<\/p>\n[\/spb_text_block] [spb_text_block pb_margin_bottom=&#8220;no&#8220; pb_border_bottom=&#8220;no&#8220; width=&#8220;1\/4&#8243; el_position=&#8220;last&#8220;]\n<h4 style=\"text-align: center;\">&#8230; Kunden informiert sind,<\/h4>\n<p style=\"text-align: center;\">aber nicht entscheiden.<\/p>\n[\/spb_text_block] [\/spb_row] [spb_row row_bg_type=&#8220;image&#8220; parallax_image_height=&#8220;content-height&#8220; parallax_image_movement=&#8220;fixed&#8220; parallax_image_speed=&#8220;0.5&#8243; parallax_video_height=&#8220;window-height&#8220; parallax_video_overlay=&#8220;none&#8220; row_overlay_opacity=&#8220;0&#8243; width=&#8220;1\/1&#8243; el_position=&#8220;first last&#8220;] [spb_text_block pb_margin_bottom=&#8220;no&#8220; pb_border_bottom=&#8220;no&#8220; width=&#8220;1\/1&#8243; el_position=&#8220;first last&#8220;]\n<h2><span style=\"color: #008080;\">Ihr erster Orientierungsschritt!<\/span><\/h2>\n[\/spb_text_block] [spb_text_block pb_margin_bottom=&#8220;no&#8220; pb_border_bottom=&#8220;no&#8220; width=&#8220;1\/1&#8243; el_position=&#8220;first last&#8220;]\n<p>Wenn Sie pr\u00fcfen m\u00f6chten, ob fehlende Orientierung der Grund f\u00fcr Unsicherheit ist, beginnt alles mit einem Gespr\u00e4ch.<\/p>\n<p style=\"text-align: left;\"><strong>Kein Konzept.<\/strong><\/p>\n<p style=\"text-align: center;\"><strong>Keine L\u00f6sung.<\/strong><\/p>\n<p style=\"text-align: right;\"><strong>Keine Verpflichtung.<\/strong><\/p>\n[\/spb_text_block] [\/spb_row]\n","protected":false},"excerpt":{"rendered":"<p>[spb_slider revslider_shortcode=&#8220;slider-orientierung&#8220; width=&#8220;1\/1&#8243; el_position=&#8220;first last&#8220;] [fullwidth_text alt_background=&#8220;none&#8220; width=&#8220;1\/1&#8243; el_position=&#8220;first last&#8220;] Warum Entscheidungen heute ausbleiben Entscheidungen scheitern heute selten an fehlender Kompetenz. Sie scheitern an Unsicherheit. Diese Unsicherheit entsteht nicht durch Zahlen oder durch mangelnde Information. Sie entsteht, wenn Orientierung fehlt. Wenn nicht klar ist, was gilt, woran man sich halten kann und wohin man unterwegs ist. [\/fullwidth_text] [spb_row wrap_type=&#8220;content-width&#8220; row_bg_type=&#8220;image&#8220; [&hellip;]<\/p>\n","protected":false},"author":1,"featured_media":0,"parent":0,"menu_order":0,"comment_status":"closed","ping_status":"closed","template":"","meta":[],"_links":{"self":[{"href":"https:\/\/www.mshdigital.de\/index.php\/wp-json\/wp\/v2\/pages\/546"}],"collection":[{"href":"https:\/\/www.mshdigital.de\/index.php\/wp-json\/wp\/v2\/pages"}],"about":[{"href":"https:\/\/www.mshdigital.de\/index.php\/wp-json\/wp\/v2\/types\/page"}],"author":[{"embeddable":true,"href":"https:\/\/www.mshdigital.de\/index.php\/wp-json\/wp\/v2\/users\/1"}],"replies":[{"embeddable":true,"href":"https:\/\/www.mshdigital.de\/index.php\/wp-json\/wp\/v2\/comments?post=546"}],"version-history":[{"count":15,"href":"https:\/\/www.mshdigital.de\/index.php\/wp-json\/wp\/v2\/pages\/546\/revisions"}],"predecessor-version":[{"id":570,"href":"https:\/\/www.mshdigital.de\/index.php\/wp-json\/wp\/v2\/pages\/546\/revisions\/570"}],"wp:attachment":[{"href":"https:\/\/www.mshdigital.de\/index.php\/wp-json\/wp\/v2\/media?parent=546"}],"curies":[{"name":"wp","href":"https:\/\/api.w.org\/{rel}","templated":true}]}}