{"id":506,"date":"2025-12-23T09:31:02","date_gmt":"2025-12-23T08:31:02","guid":{"rendered":"https:\/\/www.mshdigital.de\/?page_id=506"},"modified":"2025-12-23T09:39:14","modified_gmt":"2025-12-23T08:39:14","slug":"interaktiver-avatar-fuer-behoerden-unternehmen-msh-consulting","status":"publish","type":"page","link":"https:\/\/www.mshdigital.de\/","title":{"rendered":"Ihr interaktiver Avatar. Menschliche N\u00e4he trifft KI-Geschwindigkeit \u2013 24\/7 f\u00fcr Ihre Kunden"},"content":{"rendered":"[spb_slider revslider_shortcode=&#8220;slider-avatar&#8220; width=&#8220;1\/1&#8243; el_position=&#8220;first last&#8220;] [fullwidth_text alt_background=&#8220;none&#8220; width=&#8220;1\/1&#8243; el_position=&#8220;first last&#8220;]\n<h1><span style=\"color: #008080;\">Herausforderungen meistern \u2013 mit smarter Avatar-Technologie<\/span><\/h1>\n<p><strong>Entlasten Sie Mitarbeiter<\/strong>, bauen Sie Vertrauen auf und erreichen Sie <strong>viele Sprachen<\/strong>, <strong>DSGVO-konform<\/strong>. Viele Organisationen k\u00e4mpfen mit \u00dcberlastung durch Standardanfragen und Sprachbarrieren. Unser Avatar l\u00f6st das: Echtzeit-Mehrsprachigkeit, empathische Pr\u00e4senz und Automatisierung ohne Wartezeiten.<\/p>\n<p>&nbsp;<\/p>\n[\/fullwidth_text] [spb_row wrap_type=&#8220;content-width&#8220; row_bg_type=&#8220;image&#8220; color_row_height=&#8220;content-height&#8220; bg_type=&#8220;cover&#8220; parallax_image_height=&#8220;content-height&#8220; parallax_image_movement=&#8220;fixed&#8220; parallax_image_speed=&#8220;0.5&#8243; parallax_video_height=&#8220;window-height&#8220; parallax_video_overlay=&#8220;none&#8220; row_overlay_opacity=&#8220;0&#8243; row_padding_vertical=&#8220;0&#8243; row_padding_horizontal=&#8220;20&#8243; row_margin_vertical=&#8220;0&#8243; remove_element_spacing=&#8220;no&#8220; inner_column_height=&#8220;col-natural&#8220; width=&#8220;1\/1&#8243; el_position=&#8220;first last&#8220;] [spb_single_image image=&#8220;525&#8243; image_size=&#8220;full&#8220; frame=&#8220;noframe&#8220; intro_animation=&#8220;fade-from-left&#8220; full_width=&#8220;no&#8220; lightbox=&#8220;no&#8220; link_target=&#8220;_self&#8220; width=&#8220;1\/3&#8243; el_position=&#8220;first&#8220;] [spb_text_block pb_margin_bottom=&#8220;no&#8220; pb_border_bottom=&#8220;no&#8220; width=&#8220;1\/2&#8243; el_position=&#8220;last&#8220;]\n<h3><span style=\"color: #008080;\">Ihre Vorteile im \u00dcberblick<\/span><\/h3>\n<ul style=\"list-style-position: outside; padding-left: 1.4em;\">\n<li style=\"padding-left: 1.4em;\">Vertrauen schaffen: Sichtbarer Avatar wirkt empathischer als Text-Chatbots, z. B. als B\u00fcrgermeister-Abbild.<\/li>\n<li style=\"padding-left: 1.4em;\">Inklusiver Service: Echtzeit-Antworten in jeder Sprache, ideal f\u00fcr diverse B\u00fcrger und Teams.<\/li>\n<li style=\"padding-left: 1.4em;\">Effizienz boosten: Entlastet Servicezentren, qualifiziert Leads (z. B. Banken-Terminbuchung).<\/li>\n<li style=\"padding-left: 1.4em;\">Wissenschaftlich top: H\u00f6here Lernerfolge durch Gestik und Blickkontakt<\/li>\n<\/ul>\n[\/spb_text_block] [\/spb_row] [spb_text_block pb_margin_bottom=&#8220;no&#8220; pb_border_bottom=&#8220;no&#8220; width=&#8220;1\/1&#8243; el_position=&#8220;first last&#8220;]\n<p>Der Avatar sorgt f\u00fcr eine einheitliche, fehlerarme Kommunikation, da er mit gepr\u00fcften Inhalten und vordefinierten Prozessen arbeitet und regulatorische Pflichtinformationen immer korrekt ausspielt. Das unterst\u00fctzt ihre Kommunikationsanforderungen und reduziert das Risiko, dass wichtige Hinweise in der Hektik des Alltags vergessen werden.<\/p>\n<p>Ein Signal, das besonders bei j\u00fcngeren, digitalaffinen Zielgruppen positiv wahrgenommen wird. \u00dcber die Nutzung entstehen strukturierte Auswertungen zu h\u00e4ufigen Fragen und typischen Abbruchstellen, aus denen sich Angebote, Website-Inhalte und interne Prozesse gezielt verbessern lassen.<\/p>\n[\/spb_text_block] [spb_row row_bg_type=&#8220;image&#8220; parallax_image_height=&#8220;content-height&#8220; parallax_image_movement=&#8220;fixed&#8220; parallax_image_speed=&#8220;0.5&#8243; parallax_video_height=&#8220;window-height&#8220; parallax_video_overlay=&#8220;none&#8220; row_overlay_opacity=&#8220;0&#8243; width=&#8220;1\/1&#8243; el_position=&#8220;first last&#8220;] [spb_text_block pb_margin_bottom=&#8220;no&#8220; pb_border_bottom=&#8220;no&#8220; width=&#8220;1\/1&#8243; el_position=&#8220;first last&#8220;]\n<h2><span style=\"color: #008080;\">Perfekt f\u00fcr Ihren Bereich<\/span><\/h2>\n[\/spb_text_block] [spb_text_block pb_margin_bottom=&#8220;no&#8220; pb_border_bottom=&#8220;no&#8220; width=&#8220;1\/3&#8243; el_position=&#8220;first&#8220;]\n<h3 style=\"text-align: center;\"><strong>Beh\u00f6rden\/Kommunen<\/strong><\/h3>\n<p style=\"text-align: center;\">Formulare, Geb\u00fchren, Projekte. St\u00e4rkt N\u00e4he &amp; Vertrauen. Entlastet B\u00fcrgerb\u00fcros sp\u00fcrbar. Modular pflegbar.<span class=\"inline-flex\" data-state=\"closed\">\u200b In vielen Sprachen anwendbar.<\/span><\/p>\n[\/spb_text_block] [spb_text_block pb_margin_bottom=&#8220;no&#8220; pb_border_bottom=&#8220;no&#8220; width=&#8220;1\/3&#8243;]\n<h3 style=\"text-align: center;\">Banken &amp; Versicherungen<\/h3>\n<p style=\"text-align: center;\">Digitale Begr\u00fc\u00dfung mit Lead-Qualifizierung: Anliegen erfassen, Termine buchen, vorqualifizierte Infos an Berater. Keine Warteschleifen.<span aria-label=\"avatar.pdf\" data-state=\"closed\">\u200b <\/span>Einheitliche Compliance-Kommunikation, 24\/7-Service. Positioniert als innovative Bank. Daten-Insights f\u00fcr Optimierung.<\/p>\n[\/spb_text_block] [spb_text_block pb_margin_bottom=&#8220;no&#8220; pb_border_bottom=&#8220;no&#8220; width=&#8220;1\/3&#8243; el_position=&#8220;last&#8220;]\n<h3 style=\"text-align: center;\">Unternehmen<\/h3>\n<p style=\"text-align: center;\">Proaktiver Kundensupport, Produktvorschl\u00e4ge, strukturierte Leads. Intern: Trainings-Coach f\u00fcr Onboarding &amp; Skills.<span aria-label=\"avatar.pdf\" data-state=\"closed\">\u200b<\/span><br \/>\nSkalierbar, fehlerarm, markenkonform. H\u00f6here Abschlussraten, Effizienzboost \u2013 wissenschaftlich bew\u00e4hrt.<\/p>\n[\/spb_text_block] [\/spb_row] [spb_column width=&#8220;2\/3&#8243; el_position=&#8220;first&#8220;] [spb_text_block pb_margin_bottom=&#8220;no&#8220; pb_border_bottom=&#8220;no&#8220; width=&#8220;3\/4&#8243; el_position=&#8220;first last&#8220;]\n<h2><span style=\"color: #008080;\">Nahtlose Integration in Ihre Systeme<\/span><\/h2>\n[\/spb_text_block] [spb_text_block pb_margin_bottom=&#8220;no&#8220; pb_border_bottom=&#8220;no&#8220; width=&#8220;3\/4&#8243; el_position=&#8220;first last&#8220;]\n<p>Einfache, sichere Einbindung \u2013 kompatibel mit Websites, Intranets und bestehenden CMS-L\u00f6sungen:<\/p>\n<ul>\n<li><strong>Avatar-Konfiguration:<\/strong> Gestaltung nach Ihren Vorgaben, Wissensbasis mit Ihren Inhalten bef\u00fcllen.<\/li>\n<li><strong>Technische Einbindung<\/strong>: Bereitstellung eines standardisierten Embed-Codes oder API-Schnittstelle.<\/li>\n<li><strong>Go-Live<\/strong>: Schnelle Aktivierung durch MSH-Team, DSGVO-konform und mobiloptimiert.<\/li>\n<\/ul>\n[\/spb_text_block] [\/spb_column] [spb_column width=&#8220;1\/3&#8243; el_position=&#8220;last&#8220;] [spb_single_image image=&#8220;533&#8243; image_size=&#8220;full&#8220; frame=&#8220;noframe&#8220; intro_animation=&#8220;fade-from-right&#8220; full_width=&#8220;yes&#8220; lightbox=&#8220;no&#8220; link_target=&#8220;_self&#8220; width=&#8220;1\/1&#8243; el_position=&#8220;first last&#8220;] [spb_text_block pb_margin_bottom=&#8220;no&#8220; pb_border_bottom=&#8220;no&#8220; width=&#8220;1\/1&#8243; el_position=&#8220;first last&#8220;]\n<p><em><span style=\"color: #808080;\">Einbindung eines interaktiven Avatars auf einer Homepage.<\/span><\/em><\/p>\n[\/spb_text_block] [\/spb_column] [spb_row row_bg_type=&#8220;image&#8220; parallax_image_height=&#8220;content-height&#8220; parallax_image_movement=&#8220;fixed&#8220; parallax_image_speed=&#8220;0.5&#8243; parallax_video_height=&#8220;window-height&#8220; parallax_video_overlay=&#8220;none&#8220; row_overlay_opacity=&#8220;0&#8243; width=&#8220;1\/1&#8243; el_position=&#8220;first last&#8220;] [spb_text_block pb_margin_bottom=&#8220;no&#8220; pb_border_bottom=&#8220;no&#8220; width=&#8220;1\/1&#8243; el_position=&#8220;first last&#8220;]\n<h2><span style=\"color: #008080;\">Starten Sie jetzt!<\/span><\/h2>\n[\/spb_text_block] [spb_text_block pb_margin_bottom=&#8220;no&#8220; pb_border_bottom=&#8220;no&#8220; width=&#8220;1\/1&#8243; el_position=&#8220;first last&#8220;]\n<p>Gestalten Sie Ihren ma\u00dfgeschneiderten Avatar \u2013 als <strong>reale Person oder Firmenfigur<\/strong>, mit flexibler Wissensbasis. Erleben Sie in einer pers\u00f6nlichen Demo, wie er B\u00fcrgerb\u00fcros entlastet, Bank-Leads qualifiziert oder Unternehmen coachen. Starten Sie jetzt: 24\/7-Effizienz, h\u00f6here Zufriedenheit, messbare Ergebnisse.<\/p>\n[\/spb_text_block] [\/spb_row]\n","protected":false},"excerpt":{"rendered":"<p>[spb_slider revslider_shortcode=&#8220;slider-avatar&#8220; width=&#8220;1\/1&#8243; el_position=&#8220;first last&#8220;] [fullwidth_text alt_background=&#8220;none&#8220; width=&#8220;1\/1&#8243; el_position=&#8220;first last&#8220;] Herausforderungen meistern \u2013 mit smarter Avatar-Technologie Entlasten Sie Mitarbeiter, bauen Sie Vertrauen auf und erreichen Sie viele Sprachen, DSGVO-konform. Viele Organisationen k\u00e4mpfen mit \u00dcberlastung durch Standardanfragen und Sprachbarrieren. Unser Avatar l\u00f6st das: Echtzeit-Mehrsprachigkeit, empathische Pr\u00e4senz und Automatisierung ohne Wartezeiten. &nbsp; [\/fullwidth_text] [spb_row wrap_type=&#8220;content-width&#8220; row_bg_type=&#8220;image&#8220; color_row_height=&#8220;content-height&#8220; bg_type=&#8220;cover&#8220; parallax_image_height=&#8220;content-height&#8220; parallax_image_movement=&#8220;fixed&#8220; parallax_image_speed=&#8220;0.5&#8243; parallax_video_height=&#8220;window-height&#8220; [&hellip;]<\/p>\n","protected":false},"author":1,"featured_media":0,"parent":0,"menu_order":0,"comment_status":"closed","ping_status":"closed","template":"","meta":[],"_links":{"self":[{"href":"https:\/\/www.mshdigital.de\/index.php\/wp-json\/wp\/v2\/pages\/506"}],"collection":[{"href":"https:\/\/www.mshdigital.de\/index.php\/wp-json\/wp\/v2\/pages"}],"about":[{"href":"https:\/\/www.mshdigital.de\/index.php\/wp-json\/wp\/v2\/types\/page"}],"author":[{"embeddable":true,"href":"https:\/\/www.mshdigital.de\/index.php\/wp-json\/wp\/v2\/users\/1"}],"replies":[{"embeddable":true,"href":"https:\/\/www.mshdigital.de\/index.php\/wp-json\/wp\/v2\/comments?post=506"}],"version-history":[{"count":27,"href":"https:\/\/www.mshdigital.de\/index.php\/wp-json\/wp\/v2\/pages\/506\/revisions"}],"predecessor-version":[{"id":540,"href":"https:\/\/www.mshdigital.de\/index.php\/wp-json\/wp\/v2\/pages\/506\/revisions\/540"}],"wp:attachment":[{"href":"https:\/\/www.mshdigital.de\/index.php\/wp-json\/wp\/v2\/media?parent=506"}],"curies":[{"name":"wp","href":"https:\/\/api.w.org\/{rel}","templated":true}]}}