{"id":485,"date":"2025-12-22T14:08:39","date_gmt":"2025-12-22T13:08:39","guid":{"rendered":"https:\/\/www.mshdigital.de\/?page_id=485"},"modified":"2025-12-23T14:26:30","modified_gmt":"2025-12-23T13:26:30","slug":"ausbildung-zum-kuechenverkaeufer-kuechenfachverkaeufer-in-drei-wochen-zum-kuechenverkaeufer","status":"publish","type":"page","link":"https:\/\/www.mshdigital.de\/index.php\/ausbildung-zum-kuechenverkaeufer-kuechenfachverkaeufer-in-drei-wochen-zum-kuechenverkaeufer\/","title":{"rendered":"Ausbildung zum K\u00fcchenverk\u00e4ufer, K\u00fcchenfachverk\u00e4ufer, K\u00fcchenplaner &#8211; In drei Wochen zum K\u00fcchenverk\u00e4ufer"},"content":{"rendered":"[spb_slider revslider_shortcode=&#8220;slider-kv&#8220; width=&#8220;1\/1&#8243; el_position=&#8220;first last&#8220;] [blank_spacer height=&#8220;60px&#8220; width=&#8220;1\/1&#8243; el_position=&#8220;first last&#8220;] [spb_row row_bg_type=&#8220;image&#8220; parallax_image_height=&#8220;content-height&#8220; parallax_image_movement=&#8220;fixed&#8220; parallax_image_speed=&#8220;0.5&#8243; parallax_video_height=&#8220;window-height&#8220; parallax_video_overlay=&#8220;none&#8220; row_overlay_opacity=&#8220;0&#8243; width=&#8220;1\/1&#8243; el_position=&#8220;first last&#8220;] [spb_text_block pb_margin_bottom=&#8220;no&#8220; pb_border_bottom=&#8220;no&#8220; width=&#8220;3\/4&#8243; el_position=&#8220;first&#8220;]\n<p>Warum bieten wir eine Ausbildung mit dem Titel \u201eIn drei Wochen zum K\u00fcchenverk\u00e4ufer\u201c eigentlich an?<\/p>\n<h4><span style=\"color: #008080;\">Die K\u00fcche ist Herz und Mittelpunkt des Zuhauses.<\/span><\/h4>\n<p>Die Zeiten, in denen die kleine K\u00fcche ein blo\u00dfer Funktionsraum war, geh\u00f6ren l\u00e4ngst der Vergangenheit an. Heute ist die K\u00fcche ein Ausdruck von Lebenskultur. Kochen wird zelebriert und die Zeit, die gemeinsam beim Zubereiten und Kochen verbracht wird, bedeutet Lebensqualit\u00e4t. \u201eEine neue kann man mit einem Ma\u00dfanzug vom Schneider vergleichen\u201c, so Professor Norbert Hans von der MSH Consulting GmbH. \u201eSie wird individuell dem Raum und den Bed\u00fcrfnissen der Nutzer angepasst. Funktion und Komfort werden optimal abgestimmt.\u201c F\u00fcr 33 Prozent der Deutschen ist die K\u00fcche der beliebteste Raum in der Wohnung.<\/p>\n<p>Alle gro\u00dfen K\u00fcchenabteilungen und K\u00fcchenstudios in den M\u00f6belh\u00e4usern spiegeln diese Entwicklung wider: Die Musterk\u00fcchen einladend, das Licht schmeichelnd: Die neue K\u00fcche ist nicht nur ein Gebrauchsgegenstand, sie ist eine Verhei\u00dfung auf Genuss, Achtsamkeit, ein sch\u00f6neres Zusammenleben.<\/p>\n[\/spb_text_block] [boxed_content type=&#8220;coloured&#8220; custom_bg_colour=&#8220;#a5c1c5&#8243; pb_margin_bottom=&#8220;no&#8220; width=&#8220;1\/4&#8243; el_position=&#8220;last&#8220;]\n<p>Folgende Termine stehen f\u00fcr die K\u00fcchenverk\u00e4ufer-Ausbildung in 2026 fest.<\/p>\n<p><span style=\"color: #f05565;\"><strong><span style=\"color: #333333;\">26.01. &#8211; 13.02.2026<\/span><br \/>\n<span style=\"color: #333333;\">13.04. &#8211; 30.04.2026<\/span><br \/>\n<span style=\"color: #333333;\">08.06. &#8211; 26.06.2026<\/span><br \/>\n<span style=\"color: #333333;\">07.09. &#8211; 25.09.2026<\/span><br \/>\n<span style=\"color: #333333;\">05.10. &#8211; 23.10.2026<\/span><br \/>\n<\/strong><\/span><\/p>\n<p>Weitere Termine auf Anfrage!<\/p>\n[\/boxed_content] [\/spb_row] [fullwidth_text alt_background=&#8220;none&#8220; width=&#8220;1\/1&#8243; el_position=&#8220;first last&#8220;]\n<div class=\"videodiv\"><iframe class=\"videoiframe\" style=\"border: none;\" src=\"https:\/\/www.blitzvideoserver.de\/player.html?serverip=62.113.221.2&amp;serverapp=mshconsulting-vod&amp;autostart=0&amp;stream240p=i3wozkv_handy.mp4&amp;stream360p=i3wozkv_360p.mp4&amp;stream480p=i3wozkv_480p.mp4&amp;stream720p=i3wozkv_720p.mp4&amp;smil=i3wozkv.smil\" width=\"100%\" height=\"100%\" allowfullscreen=\"allowfullscreen\"><\/iframe><\/div>\n[\/fullwidth_text] [spb_row row_bg_type=&#8220;image&#8220; parallax_image_height=&#8220;content-height&#8220; parallax_image_movement=&#8220;fixed&#8220; parallax_image_speed=&#8220;0.5&#8243; parallax_video_height=&#8220;window-height&#8220; parallax_video_overlay=&#8220;none&#8220; row_overlay_opacity=&#8220;0&#8243; width=&#8220;1\/1&#8243; el_position=&#8220;first last&#8220;] [spb_text_block pb_margin_bottom=&#8220;no&#8220; pb_border_bottom=&#8220;no&#8220; width=&#8220;1\/1&#8243; el_position=&#8220;first last&#8220;]\n<h3><span style=\"color: #008080;\">Ausgebildete K\u00fcchenverk\u00e4ufer sind begehrt<\/span><\/h3>\n<p>Um eine Traumk\u00fcche zu planen und zu verkaufen, braucht man nat\u00fcrlich das richtige Personal. Das stellt Unternehmer oft vor Herausforderungen, denn oft fehlt es genau daran. Ausgebildete K\u00fcchenverk\u00e4ufer werden st\u00e4ndig gesucht, das zeigen auch die zahlreichen Stellenangebote in diversen Online-Jobb\u00f6rsen. Ausgebildete K\u00fcchenverk\u00e4ufer verdienen oft ein \u00fcberdurchschnittliches Gehalt, weit \u00fcber dem eines normalen M\u00f6belverk\u00e4ufers.<\/p>\n<p>Professor Norbert Hans ist als Unternehmensberater st\u00e4ndig mit Inhabern und F\u00fchrungskr\u00e4ften gro\u00dfer M\u00f6belh\u00e4user im Gespr\u00e4ch. Oft kommt dabei die Aussage: <em>&#8222;Wir k\u00f6nnten noch mehr Umsatz machen, aber die Berater fehlen uns!<\/em>&#8220;<\/p>\n<p>Dass einem Unternehmen Ums\u00e4tze entgehen, weil im entscheidenden Moment kein K\u00fcchenplaner verf\u00fcgbar ist, ist \u00e4rgerlich und, so Professor Hans, vermeidbar. Aus dieser Problemstellung heraus entwickelte er\/das Team der MSH Consulting die Ausbildung &#8222;In drei Wochen zum K\u00fcchenverk\u00e4ufer&#8220;.<\/p>\n[\/spb_text_block] [spb_single_image image=&#8220;495&#8243; image_size=&#8220;full&#8220; frame=&#8220;noframe&#8220; intro_animation=&#8220;grow&#8220; full_width=&#8220;no&#8220; lightbox=&#8220;no&#8220; link_target=&#8220;_self&#8220; width=&#8220;1\/1&#8243; el_position=&#8220;first last&#8220;] [blank_spacer height=&#8220;60px&#8220; width=&#8220;1\/1&#8243; el_position=&#8220;first last&#8220;] [spb_text_block pb_margin_bottom=&#8220;no&#8220; pb_border_bottom=&#8220;no&#8220; width=&#8220;1\/1&#8243; el_position=&#8220;first last&#8220;]\n<h3><span style=\"color: #008080;\">Durch kompaktes und praxisnahes Lernen schnell zum Erfolg<\/span><\/h3>\n<p>Die auf drei Wochen angelegte Block-Ausbildung (Montag bis Freitag) bietet den Teilnehmern die M\u00f6glichkeit, sich in k\u00fcrzester Zeit <strong>intensiv<\/strong> mit der Planung von K\u00fcchen zu besch\u00e4ftigen und diese von Grund auf zu erlernen. Diese Art der Ausbildung liegt im Trend \u2013 und dass sie effektiv sind, l\u00e4sst sich belegen. Unter anderen hat das der Didaktikforscher Rolf Schulmeister 2011 und 2012 festgestellt. Die Gruppe ist zusammen, die Themen sind allen pr\u00e4sent und anders als bei herk\u00f6mmlichen Ausbildungsangeboten wird zwischen den t\u00e4glichen Sitzungen nichts vergessen, so wird der Stoff nachhaltig verankert.<\/p>\n<p>&#8222;In drei Wochen zum K\u00fcchenverk\u00e4ufer&#8220; bietet dabei ansprechende Inhalte, die <strong>Theorie und Praxis<\/strong> kombinieren. Neben der rechnergest\u00fctzten K\u00fcchenplanung (KPS\/Carat\/Winner) stehen auch Materialkunde, Aufma\u00dferstellung, Budgetermittlung, Verkaufspsychologie und vieles mehr auf dem Stundenplan. Jeweils einen ganzen Tag verbringen die Teilnehmer bei einem K\u00fcchen- und einem Ger\u00e4tehersteller.<\/p>\n<p>Am Ende der dreiw\u00f6chigen Ausbildung legen die Teilnehmer eine Pr\u00fcfung ab und erhalten nach bestandener Pr\u00fcfung ihre Urkunde mit dem Titel<\/p>\n[\/spb_text_block] [spb_text_block pb_margin_bottom=&#8220;no&#8220; pb_border_bottom=&#8220;no&#8220; width=&#8220;1\/1&#8243; el_position=&#8220;first last&#8220;]\n<h3 style=\"text-align: center;\"><strong>\u201eZertifizierte K\u00fcchenexpertin\u201c \/ \u201eZertifizierter K\u00fcchenexperte\u201c<\/strong>.<\/h3>\n<h4 style=\"text-align: center;\">Zertifikat<\/h4>\n[\/spb_text_block] [\/spb_row] [blank_spacer height=&#8220;50px&#8220; width=&#8220;1\/1&#8243; el_position=&#8220;first last&#8220;] [spb_row wrap_type=&#8220;content-width&#8220; row_bg_type=&#8220;image&#8220; row_bg_color=&#8220;#cc3333&#8243; color_row_height=&#8220;content-height&#8220; bg_type=&#8220;cover&#8220; parallax_image_height=&#8220;content-height&#8220; parallax_image_movement=&#8220;fixed&#8220; parallax_image_speed=&#8220;0.5&#8243; parallax_video_height=&#8220;window-height&#8220; parallax_video_overlay=&#8220;diaglight&#8220; row_overlay_opacity=&#8220;0&#8243; row_padding_vertical=&#8220;0&#8243; row_padding_horizontal=&#8220;0&#8243; row_margin_vertical=&#8220;0&#8243; remove_element_spacing=&#8220;no&#8220; inner_column_height=&#8220;col-natural&#8220; width=&#8220;1\/1&#8243; el_position=&#8220;first last&#8220;] [blank_spacer height=&#8220;50px&#8220; width=&#8220;1\/1&#8243; el_position=&#8220;first last&#8220;] [spb_text_block pb_margin_bottom=&#8220;no&#8220; pb_border_bottom=&#8220;no&#8220; width=&#8220;1\/1&#8243; el_position=&#8220;first last&#8220;]\n<h2 style=\"text-align: center;\"><span style=\"color: #ffffff;\">Besuchen Sie uns in Beckum in unserem Studio oder vereinbaren Sie einen Gespr\u00e4chstermin:<\/span><\/h2>\n<h2 style=\"text-align: center;\"><span style=\"color: #ffffff;\">0 25 21 &#8211; 93 230<br \/>\n<\/span><\/h2>\n[\/spb_text_block] [blank_spacer height=&#8220;50px&#8220; width=&#8220;1\/1&#8243; el_position=&#8220;first last&#8220;] [\/spb_row]\n","protected":false},"excerpt":{"rendered":"<p>[spb_slider revslider_shortcode=&#8220;slider-kv&#8220; width=&#8220;1\/1&#8243; el_position=&#8220;first last&#8220;] [blank_spacer height=&#8220;60px&#8220; width=&#8220;1\/1&#8243; el_position=&#8220;first last&#8220;] [spb_row row_bg_type=&#8220;image&#8220; parallax_image_height=&#8220;content-height&#8220; parallax_image_movement=&#8220;fixed&#8220; parallax_image_speed=&#8220;0.5&#8243; parallax_video_height=&#8220;window-height&#8220; parallax_video_overlay=&#8220;none&#8220; row_overlay_opacity=&#8220;0&#8243; width=&#8220;1\/1&#8243; el_position=&#8220;first last&#8220;] [spb_text_block pb_margin_bottom=&#8220;no&#8220; pb_border_bottom=&#8220;no&#8220; width=&#8220;3\/4&#8243; el_position=&#8220;first&#8220;] Warum bieten wir eine Ausbildung mit dem Titel \u201eIn drei Wochen zum K\u00fcchenverk\u00e4ufer\u201c eigentlich an? Die K\u00fcche ist Herz und Mittelpunkt des Zuhauses. Die Zeiten, in denen die kleine K\u00fcche ein blo\u00dfer Funktionsraum war, [&hellip;]<\/p>\n","protected":false},"author":1,"featured_media":0,"parent":0,"menu_order":0,"comment_status":"closed","ping_status":"closed","template":"","meta":[],"_links":{"self":[{"href":"https:\/\/www.mshdigital.de\/index.php\/wp-json\/wp\/v2\/pages\/485"}],"collection":[{"href":"https:\/\/www.mshdigital.de\/index.php\/wp-json\/wp\/v2\/pages"}],"about":[{"href":"https:\/\/www.mshdigital.de\/index.php\/wp-json\/wp\/v2\/types\/page"}],"author":[{"embeddable":true,"href":"https:\/\/www.mshdigital.de\/index.php\/wp-json\/wp\/v2\/users\/1"}],"replies":[{"embeddable":true,"href":"https:\/\/www.mshdigital.de\/index.php\/wp-json\/wp\/v2\/comments?post=485"}],"version-history":[{"count":19,"href":"https:\/\/www.mshdigital.de\/index.php\/wp-json\/wp\/v2\/pages\/485\/revisions"}],"predecessor-version":[{"id":544,"href":"https:\/\/www.mshdigital.de\/index.php\/wp-json\/wp\/v2\/pages\/485\/revisions\/544"}],"wp:attachment":[{"href":"https:\/\/www.mshdigital.de\/index.php\/wp-json\/wp\/v2\/media?parent=485"}],"curies":[{"name":"wp","href":"https:\/\/api.w.org\/{rel}","templated":true}]}}