{"id":28,"date":"2016-04-13T22:49:20","date_gmt":"2016-04-13T20:49:20","guid":{"rendered":"http:\/\/www.isme-digital.de\/?page_id=28"},"modified":"2020-10-13T09:38:01","modified_gmt":"2020-10-13T07:38:01","slug":"marktforschung","status":"publish","type":"page","link":"https:\/\/www.mshdigital.de\/index.php\/marktforschung\/","title":{"rendered":"Marktforschung"},"content":{"rendered":"[spb_slider revslider_shortcode=&#8220;slider-3-1-1&#8243; el_class=&#8220;mt0 mb0 bb0 bt0&#8243; width=&#8220;1\/1&#8243; el_position=&#8220;first last&#8220;] [spb_row wrap_type=&#8220;content-width&#8220; row_bg_type=&#8220;color&#8220; row_bg_color=&#8220;#ffffff&#8220; color_row_height=&#8220;content-height&#8220; bg_type=&#8220;cover&#8220; parallax_image_height=&#8220;content-height&#8220; parallax_image_movement=&#8220;fixed&#8220; parallax_image_speed=&#8220;0.5&#8243; parallax_video_height=&#8220;window-height&#8220; parallax_video_overlay=&#8220;none&#8220; row_overlay_opacity=&#8220;0&#8243; row_padding_vertical=&#8220;0&#8243; row_padding_horizontal=&#8220;0&#8243; row_margin_vertical=&#8220;0&#8243; remove_element_spacing=&#8220;no&#8220; inner_column_height=&#8220;col-natural&#8220; row_el_class=&#8220;mt0 mb0 bb0 bt0&#8243; width=&#8220;1\/1&#8243; el_position=&#8220;first last&#8220;] [blank_spacer height=&#8220;100px&#8220; width=&#8220;1\/1&#8243; el_position=&#8220;first last&#8220;] [spb_text_block pb_margin_bottom=&#8220;no&#8220; pb_border_bottom=&#8220;no&#8220; width=&#8220;1\/1&#8243; el_position=&#8220;first last&#8220;]\n<p>Aufgrund der zunehmenden Internetk\u00e4ufe und nachlassenden Kundenfrequenzen ist es wichtig, die vorhandenen Kunden als gro\u00dfe Chancen zu sehen und sie intensiver zu betreuen.<br \/>\nVerlassen Kunden Ihr Unternehmen, ohne gekauft zu haben, stellt sich die Frage nach den Gr\u00fcnden:<\/p>\n<ul class=\"sf-list\">\n<li><i class=\"fa-close\"><\/i><span>War das passende Produkt nicht vorhanden?<\/span><\/li>\n<li><i class=\"fa-close\"><\/i><span>Stimmte der Preis nicht?<\/span><\/li>\n<li><i class=\"fa-close\"><\/i><span>War die Produktpr\u00e4sentation nicht ansprechend?<\/span><\/li>\n<li><i class=\"fa-close\"><\/i><span>War die Beratung nicht gut?<\/span><\/li>\n<li><i class=\"fa-close\"><\/i><span>Pr\u00e4ferieren die Kunden Mitbewerber? &#8211; Welche?<\/span><\/li>\n<li><i class=\"fa-close\"><\/i><span>Andere Gr\u00fcnde<\/span><\/li>\n<\/ul>\n[\/spb_text_block] [blank_spacer height=&#8220;100px&#8220; width=&#8220;1\/1&#8243; el_position=&#8220;first last&#8220;] [\/spb_row] [spb_row wrap_type=&#8220;content-width&#8220; row_bg_type=&#8220;color&#8220; row_bg_color=&#8220;#f5f5f5&#8243; color_row_height=&#8220;content-height&#8220; bg_type=&#8220;cover&#8220; parallax_image_height=&#8220;content-height&#8220; parallax_image_movement=&#8220;fixed&#8220; parallax_image_speed=&#8220;0.5&#8243; parallax_video_height=&#8220;window-height&#8220; parallax_video_overlay=&#8220;none&#8220; row_overlay_opacity=&#8220;0&#8243; row_padding_vertical=&#8220;0&#8243; row_padding_horizontal=&#8220;0&#8243; row_margin_vertical=&#8220;0&#8243; remove_element_spacing=&#8220;no&#8220; inner_column_height=&#8220;col-natural&#8220; width=&#8220;1\/1&#8243; el_position=&#8220;first last&#8220;] [blank_spacer height=&#8220;100px&#8220; width=&#8220;1\/1&#8243; el_position=&#8220;first last&#8220;] [spb_text_block pb_margin_bottom=&#8220;no&#8220; pb_border_bottom=&#8220;no&#8220; width=&#8220;1\/1&#8243; el_position=&#8220;first last&#8220;]\n<p>Durch eine detaillierte, operative und strategische Analyse<\/p>\n<p>&nbsp;<\/p>\n<h3 style=\"text-align: center;\"><strong>&#8222;Warum kaufen Kunden nicht in Ihrem Unternehmen?&#8220;<\/strong><\/h3>\n<p>&nbsp;<\/p>\n<p>ermitteln wir konkret, mit welcher Begr\u00fcndung sie nicht kaufen.<\/p>\n<p>Es geht nicht darum, die Kunden zu befragen, die gekauft haben. Diese werden immer positive Aussagen treffen. Deshalb richtet sich unsere Befragung ausschlie\u00dflich an die Besucher Ihres Hauses, die nicht gekauft haben.<\/p>\n<p>Das Ergebnis dieser Befragung ist die Grundlage f\u00fcr Ver\u00e4nderungsvorschl\u00e4ge in Ihrem Unternehmen im operativen und strategischen Bereich.<\/p>\n<p>Aufgrund unserer \u00fcber 30-j\u00e4hrigen Erfahrung im Handel sind wir in der Lage, Ihr Unternehmen durch eine &#8222;Feinjustierung&#8220; noch erfolgreicher zu machen.<\/p>\n[\/spb_text_block] [blank_spacer height=&#8220;100px&#8220; width=&#8220;1\/1&#8243; el_position=&#8220;first last&#8220;] [\/spb_row]\n","protected":false},"excerpt":{"rendered":"<p>[spb_slider revslider_shortcode=&#8220;slider-3-1-1&#8243; el_class=&#8220;mt0 mb0 bb0 bt0&#8243; width=&#8220;1\/1&#8243; el_position=&#8220;first last&#8220;] [spb_row wrap_type=&#8220;content-width&#8220; row_bg_type=&#8220;color&#8220; row_bg_color=&#8220;#ffffff&#8220; color_row_height=&#8220;content-height&#8220; bg_type=&#8220;cover&#8220; parallax_image_height=&#8220;content-height&#8220; parallax_image_movement=&#8220;fixed&#8220; parallax_image_speed=&#8220;0.5&#8243; parallax_video_height=&#8220;window-height&#8220; parallax_video_overlay=&#8220;none&#8220; row_overlay_opacity=&#8220;0&#8243; row_padding_vertical=&#8220;0&#8243; row_padding_horizontal=&#8220;0&#8243; row_margin_vertical=&#8220;0&#8243; remove_element_spacing=&#8220;no&#8220; inner_column_height=&#8220;col-natural&#8220; row_el_class=&#8220;mt0 mb0 bb0 bt0&#8243; width=&#8220;1\/1&#8243; el_position=&#8220;first last&#8220;] [blank_spacer height=&#8220;100px&#8220; width=&#8220;1\/1&#8243; el_position=&#8220;first last&#8220;] [spb_text_block pb_margin_bottom=&#8220;no&#8220; pb_border_bottom=&#8220;no&#8220; width=&#8220;1\/1&#8243; el_position=&#8220;first last&#8220;] Aufgrund der zunehmenden Internetk\u00e4ufe und nachlassenden Kundenfrequenzen ist es wichtig, die vorhandenen Kunden als gro\u00dfe Chancen [&hellip;]<\/p>\n","protected":false},"author":1,"featured_media":0,"parent":0,"menu_order":0,"comment_status":"closed","ping_status":"closed","template":"","meta":[],"_links":{"self":[{"href":"https:\/\/www.mshdigital.de\/index.php\/wp-json\/wp\/v2\/pages\/28"}],"collection":[{"href":"https:\/\/www.mshdigital.de\/index.php\/wp-json\/wp\/v2\/pages"}],"about":[{"href":"https:\/\/www.mshdigital.de\/index.php\/wp-json\/wp\/v2\/types\/page"}],"author":[{"embeddable":true,"href":"https:\/\/www.mshdigital.de\/index.php\/wp-json\/wp\/v2\/users\/1"}],"replies":[{"embeddable":true,"href":"https:\/\/www.mshdigital.de\/index.php\/wp-json\/wp\/v2\/comments?post=28"}],"version-history":[{"count":24,"href":"https:\/\/www.mshdigital.de\/index.php\/wp-json\/wp\/v2\/pages\/28\/revisions"}],"predecessor-version":[{"id":469,"href":"https:\/\/www.mshdigital.de\/index.php\/wp-json\/wp\/v2\/pages\/28\/revisions\/469"}],"wp:attachment":[{"href":"https:\/\/www.mshdigital.de\/index.php\/wp-json\/wp\/v2\/media?parent=28"}],"curies":[{"name":"wp","href":"https:\/\/api.w.org\/{rel}","templated":true}]}}