{"id":21,"date":"2016-04-13T22:47:15","date_gmt":"2016-04-13T20:47:15","guid":{"rendered":"http:\/\/www.isme-digital.de\/?page_id=21"},"modified":"2020-10-13T08:38:34","modified_gmt":"2020-10-13T06:38:34","slug":"lernwelten","status":"publish","type":"page","link":"https:\/\/www.mshdigital.de\/index.php\/lernwelten\/","title":{"rendered":"MSH Lernwelten &#8211; einfacher Lernen"},"content":{"rendered":"[spb_slider revslider_shortcode=&#8220;slider-1-1&#8243; width=&#8220;1\/1&#8243; el_position=&#8220;first last&#8220;] [blank_spacer height=&#8220;100px&#8220; width=&#8220;1\/1&#8243; el_position=&#8220;first last&#8220;] [boxed_content type=&#8220;coloured&#8220; pb_margin_bottom=&#8220;no&#8220; width=&#8220;1\/1&#8243; el_position=&#8220;first last&#8220;]\n<p>Die Corona-Pandemie mit ihren Einschr\u00e4nkungen hat uns eindringlich vor Augen gef\u00fchrt, wie bedeutend individuelles Lernen im Internet ist.<\/p>\n<p>Online Seminaren und Webbasiertes Lernen erm\u00f6glichen es uns, unserer Lernzielgruppe Wissen n\u00e4her zu bringen, w\u00e4hrend unser Online Meeting Tool &#8222;moove Meeting&#8220; eine gesch\u00fctzte und sichere Umgebung f\u00fcr Ihre Webkonferenzen bietet.<\/p>\n[\/boxed_content] [blank_spacer height=&#8220;100px&#8220; width=&#8220;1\/1&#8243; el_position=&#8220;first last&#8220;] [spb_text_block pb_margin_bottom=&#8220;no&#8220; pb_border_bottom=&#8220;no&#8220; width=&#8220;1\/4&#8243; el_position=&#8220;first&#8220;]\n<h3 style=\"text-align: center;\"><img loading=\"lazy\" class=\"alignnone wp-image-383 size-thumbnail\" src=\"https:\/\/www.mshdigital.de\/wp-content\/uploads\/2020\/09\/gruendung-150x150.png\" alt=\"\" width=\"150\" height=\"150\" srcset=\"https:\/\/www.mshdigital.de\/wp-content\/uploads\/2020\/09\/gruendung-150x150.png 150w, https:\/\/www.mshdigital.de\/wp-content\/uploads\/2020\/09\/gruendung-300x300.png 300w, https:\/\/www.mshdigital.de\/wp-content\/uploads\/2020\/09\/gruendung-768x768.png 768w, https:\/\/www.mshdigital.de\/wp-content\/uploads\/2020\/09\/gruendung-1024x1024.png 1024w, https:\/\/www.mshdigital.de\/wp-content\/uploads\/2020\/09\/gruendung-250x250.png 250w, https:\/\/www.mshdigital.de\/wp-content\/uploads\/2020\/09\/gruendung.png 1200w\" sizes=\"(max-width: 150px) 100vw, 150px\" \/><\/h3>\n<h4 style=\"text-align: center;\">Gr\u00fcndungsjahr<\/h4>\n<p style=\"text-align: center;\"><div class=\"sf-count-asset\"><div class=\"count-number\" data-from=\"1950\" data-to=\"1986\" data-speed=\"2000\" data-refresh-interval=\"25\" data-prefix=\"\" data-suffix=\"\" data-with-commas=\"false\"><\/div><div class=\"count-divider\"><span><\/span><\/div><h6 class=\"count-subject\"><\/h6><\/div>\n[\/spb_text_block] [spb_text_block pb_margin_bottom=&#8220;no&#8220; pb_border_bottom=&#8220;no&#8220; width=&#8220;1\/4&#8243;]\n<h3 style=\"text-align: center;\"><img loading=\"lazy\" class=\"alignnone wp-image-384 size-thumbnail\" src=\"https:\/\/www.mshdigital.de\/wp-content\/uploads\/2020\/09\/branchen-150x150.png\" alt=\"\" width=\"150\" height=\"150\" srcset=\"https:\/\/www.mshdigital.de\/wp-content\/uploads\/2020\/09\/branchen-150x150.png 150w, https:\/\/www.mshdigital.de\/wp-content\/uploads\/2020\/09\/branchen-300x300.png 300w, https:\/\/www.mshdigital.de\/wp-content\/uploads\/2020\/09\/branchen-768x768.png 768w, https:\/\/www.mshdigital.de\/wp-content\/uploads\/2020\/09\/branchen-1024x1024.png 1024w, https:\/\/www.mshdigital.de\/wp-content\/uploads\/2020\/09\/branchen-250x250.png 250w, https:\/\/www.mshdigital.de\/wp-content\/uploads\/2020\/09\/branchen.png 1200w\" sizes=\"(max-width: 150px) 100vw, 150px\" \/><\/h3>\n<h4 style=\"text-align: center;\">Firmenkunden<\/h4>\n<p style=\"text-align: center;\"><div class=\"sf-count-asset\"><div class=\"count-number\" data-from=\"0\" data-to=\"600\" data-speed=\"2000\" data-refresh-interval=\"25\" data-prefix=\"\" data-suffix=\"+\" data-with-commas=\"true\"><\/div><div class=\"count-divider\"><span><\/span><\/div><h6 class=\"count-subject\"><\/h6><\/div>\n[\/spb_text_block] [spb_text_block pb_margin_bottom=&#8220;no&#8220; pb_border_bottom=&#8220;no&#8220; width=&#8220;1\/4&#8243;]\n<h3 style=\"text-align: center;\"><img loading=\"lazy\" class=\"alignnone size-thumbnail wp-image-387\" src=\"https:\/\/www.mshdigital.de\/wp-content\/uploads\/2020\/09\/elearning-150x150.png\" alt=\"\" width=\"150\" height=\"150\" srcset=\"https:\/\/www.mshdigital.de\/wp-content\/uploads\/2020\/09\/elearning-150x150.png 150w, https:\/\/www.mshdigital.de\/wp-content\/uploads\/2020\/09\/elearning-300x300.png 300w, https:\/\/www.mshdigital.de\/wp-content\/uploads\/2020\/09\/elearning-768x768.png 768w, https:\/\/www.mshdigital.de\/wp-content\/uploads\/2020\/09\/elearning-1024x1024.png 1024w, https:\/\/www.mshdigital.de\/wp-content\/uploads\/2020\/09\/elearning-250x250.png 250w, https:\/\/www.mshdigital.de\/wp-content\/uploads\/2020\/09\/elearning.png 1200w\" sizes=\"(max-width: 150px) 100vw, 150px\" \/><\/h3>\n<h4 style=\"text-align: center;\">Geschulte Teilnehmer<\/h4>\n<p style=\"text-align: center;\"><div class=\"sf-count-asset\"><div class=\"count-number\" data-from=\"0\" data-to=\"56000\" data-speed=\"2000\" data-refresh-interval=\"25\" data-prefix=\"\" data-suffix=\"+\" data-with-commas=\"true\"><\/div><div class=\"count-divider\"><span><\/span><\/div><h6 class=\"count-subject\"><\/h6><\/div>\n[\/spb_text_block] [spb_text_block pb_margin_bottom=&#8220;no&#8220; pb_border_bottom=&#8220;no&#8220; width=&#8220;1\/4&#8243; el_position=&#8220;last&#8220;]\n<h3 style=\"text-align: center;\"><img loading=\"lazy\" class=\"alignnone size-thumbnail wp-image-388\" src=\"https:\/\/www.mshdigital.de\/wp-content\/uploads\/2020\/09\/agilesUN03-150x150.png\" alt=\"\" width=\"150\" height=\"150\" srcset=\"https:\/\/www.mshdigital.de\/wp-content\/uploads\/2020\/09\/agilesUN03-150x150.png 150w, https:\/\/www.mshdigital.de\/wp-content\/uploads\/2020\/09\/agilesUN03-300x300.png 300w, https:\/\/www.mshdigital.de\/wp-content\/uploads\/2020\/09\/agilesUN03-768x768.png 768w, https:\/\/www.mshdigital.de\/wp-content\/uploads\/2020\/09\/agilesUN03-1024x1024.png 1024w, https:\/\/www.mshdigital.de\/wp-content\/uploads\/2020\/09\/agilesUN03-250x250.png 250w, https:\/\/www.mshdigital.de\/wp-content\/uploads\/2020\/09\/agilesUN03.png 1200w\" sizes=\"(max-width: 150px) 100vw, 150px\" \/><\/h3>\n<h4 style=\"text-align: center;\">Kundenzufriedenheit<\/h4>\n<p style=\"text-align: center;\"><div class=\"sf-count-asset\"><div class=\"count-number\" data-from=\"0\" data-to=\"100\" data-speed=\"2000\" data-refresh-interval=\"25\" data-prefix=\"\" data-suffix=\"%\" data-with-commas=\"true\"><\/div><div class=\"count-divider\"><span><\/span><\/div><h6 class=\"count-subject\"><\/h6><\/div>\n[\/spb_text_block] [blank_spacer height=&#8220;100px&#8220; width=&#8220;1\/1&#8243; el_position=&#8220;first last&#8220;] [spb_text_block pb_margin_bottom=&#8220;no&#8220; pb_border_bottom=&#8220;no&#8220; width=&#8220;1\/1&#8243; el_position=&#8220;first last&#8220;]\n<p>Die Abbruchrate bei eLearnings betr\u00e4gt ca. <strong>85%<\/strong>. Das betrifft vor allem gro\u00dfe Online-Learning-Plattformen, die eine Vielzahl generischer Kursmodule anbieten.<\/p>\n<p>Weiterbildung beginnt zunehmend individualisierter zu werden. Unterschiedliche Menschen ben\u00f6tigen unterschiedliche Kompetenzen, um ihren Job perfekt zu machen. Sie wollen sich nicht mehr mit Themen besch\u00e4ftigen, die sie weder interessieren noch die ihnen etwas bringen.<\/p>\n<h2>Wir glauben nicht an Standardinhalte, denn diese sind das Gegenteil von individuell.<\/h2>\n[\/spb_text_block] [blank_spacer height=&#8220;100px&#8220; width=&#8220;1\/1&#8243; el_position=&#8220;first last&#8220;] [spb_single_image image=&#8220;409&#8243; image_size=&#8220;medium&#8220; frame=&#8220;noframe&#8220; intro_animation=&#8220;none&#8220; full_width=&#8220;no&#8220; lightbox=&#8220;yes&#8220; link_target=&#8220;_self&#8220; width=&#8220;1\/3&#8243; el_position=&#8220;first&#8220;] [boxed_content type=&#8220;whitestroke&#8220; pb_margin_bottom=&#8220;no&#8220; width=&#8220;2\/3&#8243; el_position=&#8220;last&#8220;]\n<h3 style=\"text-align: center;\">Mehr als<\/h3>\n<p style=\"text-align: center;\"><span style=\"color: #ff0000;\"><div class=\"sf-count-asset\"><div class=\"count-number\" data-from=\"0\" data-to=\"82\" data-speed=\"2000\" data-refresh-interval=\"25\" data-prefix=\"\" data-suffix=\"%\" data-with-commas=\"false\"><\/div><div class=\"count-divider\"><span><\/span><\/div><h3 class=\"count-subject\"><\/h3><\/div><\/span><\/p>\n<h3 style=\"text-align: center;\">unserer Teilnehmer schlie\u00dfen ihr eLearning erfolgreich ab.<\/h3>\n[\/boxed_content] [blank_spacer height=&#8220;100px&#8220; width=&#8220;1\/1&#8243; el_position=&#8220;first last&#8220;] [fullwidth_text alt_background=&#8220;none&#8220; width=&#8220;1\/1&#8243; el_position=&#8220;first last&#8220;]\n<h3>Wir betreuen jeden unserer Teilnehmer individuell, auf Augenh\u00f6he, sympathisch und diskret. Die Erfolge unserer Kunden best\u00e4tigen unsere Methode.<\/h3>\n[\/fullwidth_text] [blank_spacer height=&#8220;30px&#8220; el_class=&#8220;background-color:#f5f5f5&#8243; width=&#8220;1\/1&#8243; el_position=&#8220;first last&#8220;] [spb_text_block pb_margin_bottom=&#8220;no&#8220; pb_border_bottom=&#8220;no&#8220; width=&#8220;1\/1&#8243; el_position=&#8220;first last&#8220;]\n<h3>MSH Digital ist Ihr Spezialist f\u00fcr Blended Learning.<\/h3>\n<p>Aus Papier wird eine lebendige, multimediale Lerneinheit. Interaktionen und Gamification sorgen f\u00fcr ein nachhaltiges Lernerlebnis. Eine trockene und abstrakte Unternehmensphilosophie wird greifbar. Die Umsetzung macht Spa\u00df und durchdringt jeden Bereich Ihres Unternehmens.<\/p>\n<p>&nbsp;<\/p>\n[\/spb_text_block] [spb_text_block pb_margin_bottom=&#8220;no&#8220; pb_border_bottom=&#8220;no&#8220; width=&#8220;1\/1&#8243; el_position=&#8220;first last&#8220;]\n<h3>Inhalte<\/h3>\n<p>Wir transformieren Ihre Inhalte oder entwickeln gemeinsam mit Ihnen Lernkonzepte nach Ihren unternehmensspezifischen Vorstellungen.<\/p>\n<p>&nbsp;<\/p>\n[\/spb_text_block] [spb_text_block pb_margin_bottom=&#8220;no&#8220; pb_border_bottom=&#8220;no&#8220; width=&#8220;1\/1&#8243; el_position=&#8220;first last&#8220;]\n<h3>Unsere Vorgehensweise<\/h3>\n<ol>\n<li><strong>Auftragsdefinition:<\/strong> Wir stimmen mit Ihnen ab, was in welchem Umfang produziert werden soll.<\/li>\n<li><strong>Projektbeginn:<\/strong> Nach Auftragserteilung wird die weitere Vorgehensweise mit Ihnen er\u00f6rtert.<\/li>\n<li><strong>Produktion:<\/strong> Nach einer intensiven Abstimmung erstellen wir Ihr eLearning.<\/li>\n<li><strong>Rollout:<\/strong> Auf Wunsch begleiten wir die Einf\u00fchrung Ihres eLearnings.<\/li>\n<\/ol>\n<p><strong>Optional:<\/strong> Kuratierte Unterst\u00fctzung bis hin zur Zertifizierung Ihrer Mitarbeiter durch MSH m\u00f6glich.<\/p>\n<p>&nbsp;<\/p>\n[\/spb_text_block] [blank_spacer height=&#8220;50px&#8220; width=&#8220;1\/1&#8243; el_position=&#8220;first last&#8220;] [spb_column width=&#8220;1\/3&#8243; el_position=&#8220;first&#8220;] [spb_text_block pb_margin_bottom=&#8220;no&#8220; pb_border_bottom=&#8220;no&#8220; width=&#8220;1\/1&#8243; el_position=&#8220;first last&#8220;]\n<div class=\"sf-icon-box sf-icon-box-animated\"><div class=\"inner\"><div class=\"front\"><i class=\"ss-database sf-icon sf-icon-float-none sf-icon-large sf-icon-standard\"><\/i><div class=\"sf-icon-box-content-wrap clearfix\"><h3>Server<\/h3><\/div><\/div><div class=\"back sf-icon-standard\"><table><tbody><tr><td><h3>Server<\/h3><div class=\"sf-icon-box-content\"><br \/>\nWir stellen Webserver und LMS bereit.<br \/>\n<\/div><\/td><\/tr><\/tbody><\/table><\/div><\/div><\/div>\n[\/spb_text_block] [\/spb_column] [spb_column width=&#8220;1\/3&#8243;] [spb_text_block pb_margin_bottom=&#8220;no&#8220; pb_border_bottom=&#8220;no&#8220; width=&#8220;1\/1&#8243; el_position=&#8220;first last&#8220;]\n<div class=\"sf-icon-box sf-icon-box-animated\"><div class=\"inner\"><div class=\"front\"><i class=\"fa-wifi sf-icon sf-icon-float-none sf-icon-large sf-icon-standard\"><\/i><div class=\"sf-icon-box-content-wrap clearfix\"><h3>Abruf per Internet<\/h3><\/div><\/div><div class=\"back sf-icon-standard\"><table><tbody><tr><td><h3>Abruf per Internet<\/h3><div class=\"sf-icon-box-content\"><br \/>\nLoggen Sie sich ein, jederzeit. \u00dcber das Internet haben Sie \u00fcberall Zugriff auf Ihr WBT.<br \/>\n<\/div><\/td><\/tr><\/tbody><\/table><\/div><\/div><\/div>\n[\/spb_text_block] [\/spb_column] [spb_column width=&#8220;1\/3&#8243; el_position=&#8220;last&#8220;] [spb_text_block pb_margin_bottom=&#8220;no&#8220; pb_border_bottom=&#8220;no&#8220; width=&#8220;1\/1&#8243; el_position=&#8220;first last&#8220;]\n<div class=\"sf-icon-box sf-icon-box-animated\"><div class=\"inner\"><div class=\"front\"><i class=\"ss-pointup sf-icon sf-icon-float-none sf-icon-large sf-icon-standard\"><\/i><div class=\"sf-icon-box-content-wrap clearfix\"><h3>Alle Plattformen<\/h3><\/div><\/div><div class=\"back sf-icon-standard\"><table><tbody><tr><td><h3>Alle Plattformen<\/h3><div class=\"sf-icon-box-content\"><br \/>\nDesktop, Smartphone, Tablet &#8211; auf jedem Endger\u00e4t nutzbar.<br \/>\n<\/div><\/td><\/tr><\/tbody><\/table><\/div><\/div><\/div>\n[\/spb_text_block] [\/spb_column] [blank_spacer height=&#8220;120px&#8220; width=&#8220;1\/1&#8243; el_position=&#8220;first last&#8220;]\n","protected":false},"excerpt":{"rendered":"<p>[spb_slider revslider_shortcode=&#8220;slider-1-1&#8243; width=&#8220;1\/1&#8243; el_position=&#8220;first last&#8220;] [blank_spacer height=&#8220;100px&#8220; width=&#8220;1\/1&#8243; el_position=&#8220;first last&#8220;] [boxed_content type=&#8220;coloured&#8220; pb_margin_bottom=&#8220;no&#8220; width=&#8220;1\/1&#8243; el_position=&#8220;first last&#8220;] Die Corona-Pandemie mit ihren Einschr\u00e4nkungen hat uns eindringlich vor Augen gef\u00fchrt, wie bedeutend individuelles Lernen im Internet ist. Online Seminaren und Webbasiertes Lernen erm\u00f6glichen es uns, unserer Lernzielgruppe Wissen n\u00e4her zu bringen, w\u00e4hrend unser Online Meeting Tool &#8222;moove Meeting&#8220; eine gesch\u00fctzte und sichere Umgebung [&hellip;]<\/p>\n","protected":false},"author":1,"featured_media":0,"parent":0,"menu_order":0,"comment_status":"closed","ping_status":"closed","template":"","meta":[],"_links":{"self":[{"href":"https:\/\/www.mshdigital.de\/index.php\/wp-json\/wp\/v2\/pages\/21"}],"collection":[{"href":"https:\/\/www.mshdigital.de\/index.php\/wp-json\/wp\/v2\/pages"}],"about":[{"href":"https:\/\/www.mshdigital.de\/index.php\/wp-json\/wp\/v2\/types\/page"}],"author":[{"embeddable":true,"href":"https:\/\/www.mshdigital.de\/index.php\/wp-json\/wp\/v2\/users\/1"}],"replies":[{"embeddable":true,"href":"https:\/\/www.mshdigital.de\/index.php\/wp-json\/wp\/v2\/comments?post=21"}],"version-history":[{"count":127,"href":"https:\/\/www.mshdigital.de\/index.php\/wp-json\/wp\/v2\/pages\/21\/revisions"}],"predecessor-version":[{"id":482,"href":"https:\/\/www.mshdigital.de\/index.php\/wp-json\/wp\/v2\/pages\/21\/revisions\/482"}],"wp:attachment":[{"href":"https:\/\/www.mshdigital.de\/index.php\/wp-json\/wp\/v2\/media?parent=21"}],"curies":[{"name":"wp","href":"https:\/\/api.w.org\/{rel}","templated":true}]}}